{"id":98,"date":"2011-04-24T17:15:46","date_gmt":"2011-04-24T17:15:46","guid":{"rendered":"http:\/\/hatsumatsu.de\/interflugs\/?page_id=98"},"modified":"2025-10-27T17:22:38","modified_gmt":"2025-10-27T17:22:38","slug":"fakultaet-null","status":"publish","type":"page","link":"https:\/\/interflugs.de\/de\/fakultaet-null\/","title":{"rendered":"Freie Klasse"},"content":{"rendered":"<p>[vc_row][vc_column width=&#8220;2\/3&#8243; offset=&#8220;vc_hidden-sm vc_hidden-xs&#8220;][vc_custom_heading text=&#8220;Freie Klasse&#8220; font_container=&#8220;tag:h1|text_align:left&#8220; google_fonts=&#8220;font_family:Anonymous%20Pro%3Aregular%2Citalic%2C700%2C700italic|font_style:700%20bold%20regular%3A700%3Anormal&#8220;][vc_column_text]Die\u00a0<strong>Freie Klasse<\/strong> ist eine nomadisch-parasit\u00e4re Anti-Institution, z.Zt. implantiert in die Universit\u00e4t der K\u00fcnste Berlin. Potentiell ist sie an jeder anderen Universit\u00e4t, Schule, Akademie oder Lernsituation realisierbar.<\/p>\n<p>Wir wollen k\u00fcnstlerische, politische und theoretische Eigeninitiative und -verantwortung, im Studium und dar\u00fcber hinaus. Daf\u00fcr eignen wir uns existierende Inhalte und Informationsquellen an, weil wir denken, dass Bildung nicht durch modulare Studienpl\u00e4ne reglementiert sein sollte, sondern frei w\u00e4hlbar sein muss. Alle, die sich in diesem Modus Wissen aneignen, werden automatisch zu Studierenden der\u00a0<em>Freien Klasse<\/em>.<\/p>\n<p>Unser Verst\u00e4ndnis von Studium beschr\u00e4nkt sich nicht auf vorgeformte Dienstleistungen f\u00fcr \u201coffiziell eingeschriebene\u201d Studierende.\u00a0<em>Freie Klasse<\/em> ist auch ein Versuch, die Universit\u00e4t als Ressource f\u00fcr jede\/n zug\u00e4nglich zu machen.[\/vc_column_text][\/vc_column][vc_column width=&#8220;1\/3&#8243; offset=&#8220;vc_hidden-sm vc_hidden-xs&#8220;][vc_single_image image=&#8220;3683&#8243; img_size=&#8220;medium&#8220; alignment=&#8220;right&#8220;][vc_row_inner][vc_column_inner offset=&#8220;vc_hidden-sm vc_hidden-xs&#8220;][vc_column_text]<em>\u201cConsidering that the academy is both a mirror of the existing society and a tool to normalise its members, we propose to work this very specific social context to formulate a critique of the existing structures inside and also beyond the institution.\u201d<\/em>[\/vc_column_text][\/vc_column_inner][\/vc_row_inner][\/vc_column][\/vc_row][vc_row][vc_column offset=&#8220;vc_hidden-lg vc_hidden-md&#8220;][vc_custom_heading text=&#8220;Fakult\u00e4t Null&#8220; font_container=&#8220;tag:h1|text_align:left&#8220; google_fonts=&#8220;font_family:Anonymous%20Pro%3Aregular%2Citalic%2C700%2C700italic|font_style:700%20bold%20regular%3A700%3Anormal&#8220;][vc_single_image image=&#8220;3683&#8243; img_size=&#8220;medium&#8220; alignment=&#8220;right&#8220;][vc_column_text]Die\u00a0<strong>Fakult\u00e6t Null<\/strong> ist eine nomadisch-parasit\u00e4re Anti-Institution, z.Zt. implantiert in die Universit\u00e4t der K\u00fcnste Berlin. Potentiell ist sie an jeder anderen Universit\u00e4t, Schule, Akademie oder Lernsituation realisierbar.<\/p>\n<p>Wir wollen k\u00fcnstlerische, politische und theoretische Eigeninitiative und -verantwortung, im Studium und dar\u00fcber hinaus. Daf\u00fcr eignen wir uns existierende Inhalte und Informationsquellen an, weil wir denken, dass Bildung nicht durch modulare Studienpl\u00e4ne reglementiert sein sollte, sondern frei w\u00e4hlbar sein muss. Alle, die sich in diesem Modus Wissen aneignen, werden automatisch zu Studierenden der\u00a0<em>Fakult\u00e6t Null<\/em>.<\/p>\n<p>Unser Verst\u00e4ndnis von Studium beschr\u00e4nkt sich nicht auf vorgeformte Dienstleistungen f\u00fcr \u201coffiziell eingeschriebene\u201d Studierende.\u00a0<em>Fakult\u00e6t Null<\/em> ist auch ein Versuch, die Universit\u00e4t als Ressource f\u00fcr jede\/n zug\u00e4nglich zu machen.<\/p>\n<p><strong><a href=\"http:\/\/fakultaetnull.org\/studies\">Fakult\u00e6t Null\/Studies<\/a><\/strong><a href=\"http:\/\/fakultaetnull.org\/studies\"> ist ein Vorlesungsverzeichnis von und f\u00fcr die Studierenden der <\/a><em><a href=\"http:\/\/fakultaetnull.org\/studies\">Fakult\u00e6t Null<\/a><\/em>[\/vc_column_text][vc_row_inner][vc_column_inner][vc_column_text]<em>\u201cConsidering that the academy is both a mirror of the existing society and a tool to normalise its members, we propose to work this very specific social context to formulate a critique of the existing structures inside and also beyond the institution.\u201d<\/em>[\/vc_column_text][vc_custom_heading text=&#8220;Link to:&#8220; google_fonts=&#8220;font_family:Anonymous%20Pro%3Aregular%2Citalic%2C700%2C700italic|font_style:400%20regular%3A400%3Anormal&#8220;][\/vc_column_inner][\/vc_row_inner][vc_single_image image=&#8220;3687&#8243; img_size=&#8220;large&#8220; onclick=&#8220;custom_link&#8220; css_animation=&#8220;fadeIn&#8220; link=&#8220;https:\/\/fakultaetnull.org\/&#8220;][\/vc_column][\/vc_row][vc_row][vc_column][vc_basic_grid post_type=&#8220;new_events&#8220; max_items=&#8220;-1&#8243; show_filter=&#8220;yes&#8220; filter_color=&#8220;black&#8220; filter_size=&#8220;lg&#8220; item=&#8220;3714&#8243; grid_id=&#8220;vc_gid:1761585744901-49ee5e77fde0245a34f99420f5456ee9-2&#8243; filter_source=&#8220;category_events&#8220;][vc_separator][\/vc_column][\/vc_row]<\/p>\n","protected":false},"excerpt":{"rendered":"<p>[vc_row][vc_column width=&#8220;2\/3&#8243; offset=&#8220;vc_hidden-sm vc_hidden-xs&#8220;][vc_custom_heading text=&#8220;Freie Klasse&#8220; font_container=&#8220;tag:h1|text_align:left&#8220; google_fonts=&#8220;font_family:Anonymous%20Pro%3Aregular%2Citalic%2C700%2C700italic|font_style:700%20bold%20regular%3A700%3Anormal&#8220;][vc_column_text]Die\u00a0Freie Klasse ist eine nomadisch-parasit\u00e4re Anti-Institution, z.Zt. implantiert in die Universit\u00e4t der K\u00fcnste Berlin. Potentiell ist sie an jeder anderen Universit\u00e4t, Schule, Akademie oder Lernsituation realisierbar. Wir wollen k\u00fcnstlerische, politische und theoretische Eigeninitiative und -verantwortung, im Studium und dar\u00fcber hinaus. Daf\u00fcr eignen wir uns existierende Inhalte und Informationsquellen [&hellip;]<\/p>\n","protected":false},"author":14,"featured_media":0,"parent":0,"menu_order":5,"comment_status":"closed","ping_status":"closed","template":"","meta":{"_acf_changed":false,"site-sidebar-layout":"default","site-content-layout":"default","ast-site-content-layout":"default","site-content-style":"default","site-sidebar-style":"default","ast-global-header-display":"","ast-banner-title-visibility":"","ast-main-header-display":"","ast-hfb-above-header-display":"","ast-hfb-below-header-display":"","ast-hfb-mobile-header-display":"","site-post-title":"disabled","ast-breadcrumbs-content":"","ast-featured-img":"disabled","footer-sml-layout":"","ast-disable-related-posts":"","theme-transparent-header-meta":"default","adv-header-id-meta":"","stick-header-meta":"","header-above-stick-meta":"","header-main-stick-meta":"","header-below-stick-meta":"","astra-migrate-meta-layouts":"set","ast-page-background-enabled":"default","ast-page-background-meta":{"desktop":{"background-color":"var(--ast-global-color-4)","background-image":"","background-repeat":"repeat","background-position":"center center","background-size":"auto","background-attachment":"scroll","background-type":"","background-media":"","overlay-type":"","overlay-color":"","overlay-opacity":"","overlay-gradient":""},"tablet":{"background-color":"","background-image":"","background-repeat":"repeat","background-position":"center center","background-size":"auto","background-attachment":"scroll","background-type":"","background-media":"","overlay-type":"","overlay-color":"","overlay-opacity":"","overlay-gradient":""},"mobile":{"background-color":"","background-image":"","background-repeat":"repeat","background-position":"center center","background-size":"auto","background-attachment":"scroll","background-type":"","background-media":"","overlay-type":"","overlay-color":"","overlay-opacity":"","overlay-gradient":""}},"ast-content-background-meta":{"desktop":{"background-color":"var(--ast-global-color-5)","background-image":"","background-repeat":"repeat","background-position":"center center","background-size":"auto","background-attachment":"scroll","background-type":"","background-media":"","overlay-type":"","overlay-color":"","overlay-opacity":"","overlay-gradient":""},"tablet":{"background-color":"var(--ast-global-color-5)","background-image":"","background-repeat":"repeat","background-position":"center center","background-size":"auto","background-attachment":"scroll","background-type":"","background-media":"","overlay-type":"","overlay-color":"","overlay-opacity":"","overlay-gradient":""},"mobile":{"background-color":"var(--ast-global-color-5)","background-image":"","background-repeat":"repeat","background-position":"center center","background-size":"auto","background-attachment":"scroll","background-type":"","background-media":"","overlay-type":"","overlay-color":"","overlay-opacity":"","overlay-gradient":""}},"footnotes":""},"class_list":["post-98","page","type-page","status-publish","hentry"],"acf":[],"_links":{"self":[{"href":"https:\/\/interflugs.de\/de\/wp-json\/wp\/v2\/pages\/98","targetHints":{"allow":["GET"]}}],"collection":[{"href":"https:\/\/interflugs.de\/de\/wp-json\/wp\/v2\/pages"}],"about":[{"href":"https:\/\/interflugs.de\/de\/wp-json\/wp\/v2\/types\/page"}],"author":[{"embeddable":true,"href":"https:\/\/interflugs.de\/de\/wp-json\/wp\/v2\/users\/14"}],"replies":[{"embeddable":true,"href":"https:\/\/interflugs.de\/de\/wp-json\/wp\/v2\/comments?post=98"}],"version-history":[{"count":55,"href":"https:\/\/interflugs.de\/de\/wp-json\/wp\/v2\/pages\/98\/revisions"}],"predecessor-version":[{"id":4402,"href":"https:\/\/interflugs.de\/de\/wp-json\/wp\/v2\/pages\/98\/revisions\/4402"}],"wp:attachment":[{"href":"https:\/\/interflugs.de\/de\/wp-json\/wp\/v2\/media?parent=98"}],"curies":[{"name":"wp","href":"https:\/\/api.w.org\/{rel}","templated":true}]}}