{"id":96,"date":"2011-04-24T17:15:01","date_gmt":"2011-04-24T17:15:01","guid":{"rendered":"http:\/\/hatsumatsu.de\/interflugs\/?page_id=96"},"modified":"2011-04-24T17:15:01","modified_gmt":"2011-04-24T17:15:01","slug":"qcine","status":"publish","type":"page","link":"https:\/\/interflugs.de\/de\/archiv\/qcine\/","title":{"rendered":"Qcine"},"content":{"rendered":"<p>Qcine ist eine Plattform f\u00fcr junge Filmemacher_innen in Berlin, die \u00fcber Interflugs an der Universit\u00e4t der K\u00fcnste (UdK) organisiert ist.<\/p>\n<p>Die Gruppe ist offen f\u00fcr jede_n, unabh\u00e4ngig von Vorwissen und Background, an einer Uni eingeschrieben zu sein, ist keine Voraussetzung. Wer Kritik und Austausch sucht, oder einfach eine Kamera zum Filmen braucht, ist richtig bei <em>Qcine<\/em>. Drehb\u00fccher, Projekte in Planung, Videos in Rohschnittfassung k\u00f6nnen zur Diskussion gestellt werden. Zur Realisierung der Projekte stehen ein Schnittplatz sowie Equipment zur Verf\u00fcgung.<br \/>\nEin- bis zweimal im Semester organisieren wir Workshops f\u00fcr Mitglieder und Externe und f\u00f6rdern\u00a0 Filmprojekte.<\/p>\n<p>Tats\u00e4chlich wurde die Gruppe erst Mitte der 90iger in Qcine umbenannt, bis dahin war es <em>Die Videozeitung<\/em>. Wie alle anderen Bereiche von Interflugs ist auch die Videozeitung in der Zeit der Studierendenstreiks 1988\/89 entstanden. Die Gruppe, die sich damals bildete, dokumentierte und kommentierte die Streiks und andere damit zusammenh\u00e4ngende politische Ereignisse.<br \/>\nTrotz der Uneindeutigkeit des neuen Namens liegt es nahe, dass \u201ecine\u201c f\u00fcr das Kino steht, f\u00fcr Kinematographie oder f\u00fcr Cinephilie. Und, soweit wir das heute nachvollziehen k\u00f6nnen, entspricht das einer Neuorientierung der Gruppe in den sp\u00e4ten 90er Jahren. Stand in den ersten Jahren der Videozeitung eine alternative journalistische Berichterstattung im Vordergrund, so sind es heute in erster Linie mehr oder weniger experimentelle oder narrative Kurzfilme, die bei <em>Qcine<\/em> hergestellt, gezeigt und besprochen werden. Im Moment wird<em> Qcine<\/em> haupts\u00e4chlich f\u00fcr\u00a0 unregelm\u00e4\u00dfige Treffen und Screenings der Mitglieder genutzt.<\/p>\n<p>Aktuelle Informationen zu den Treffen werden auf die Website gestellt. Dort finden sich auch Ank\u00fcndigungen zu kommenden Workshops und Screenings: <a href=\"http:\/\/www.qcine.de\">www.qcine.de<\/a><\/p>\n<p>Download: <a title=\"Filming with the D\u2019s\" href=\"http:\/\/www.interflugs.de\/publications\/filming-with-the-ds\/\">Kurzanleitung f\u00fcr digitale SLRs<\/a><\/p>","protected":false},"excerpt":{"rendered":"<p>Qcine ist eine Plattform f\u00fcr junge Filmemacher_innen in Berlin, die \u00fcber Interflugs an der Universit\u00e4t der K\u00fcnste (UdK) organisiert ist. Die Gruppe ist offen f\u00fcr jede_n, unabh\u00e4ngig von Vorwissen und Background, an einer Uni eingeschrieben zu sein, ist keine Voraussetzung. Wer Kritik und Austausch sucht, oder einfach eine Kamera zum Filmen braucht, ist richtig bei [&hellip;]<\/p>\n","protected":false},"author":14,"featured_media":0,"parent":118,"menu_order":24,"comment_status":"open","ping_status":"closed","template":"archivelist.php","meta":{"_acf_changed":false,"site-sidebar-layout":"default","site-content-layout":"","ast-site-content-layout":"default","site-content-style":"default","site-sidebar-style":"default","ast-global-header-display":"","ast-banner-title-visibility":"","ast-main-header-display":"","ast-hfb-above-header-display":"","ast-hfb-below-header-display":"","ast-hfb-mobile-header-display":"","site-post-title":"","ast-breadcrumbs-content":"","ast-featured-img":"","footer-sml-layout":"","ast-disable-related-posts":"","theme-transparent-header-meta":"","adv-header-id-meta":"","stick-header-meta":"","header-above-stick-meta":"","header-main-stick-meta":"","header-below-stick-meta":"","astra-migrate-meta-layouts":"default","ast-page-background-enabled":"default","ast-page-background-meta":{"desktop":{"background-color":"var(--ast-global-color-4)","background-image":"","background-repeat":"repeat","background-position":"center center","background-size":"auto","background-attachment":"scroll","background-type":"","background-media":"","overlay-type":"","overlay-color":"","overlay-opacity":"","overlay-gradient":""},"tablet":{"background-color":"","background-image":"","background-repeat":"repeat","background-position":"center center","background-size":"auto","background-attachment":"scroll","background-type":"","background-media":"","overlay-type":"","overlay-color":"","overlay-opacity":"","overlay-gradient":""},"mobile":{"background-color":"","background-image":"","background-repeat":"repeat","background-position":"center center","background-size":"auto","background-attachment":"scroll","background-type":"","background-media":"","overlay-type":"","overlay-color":"","overlay-opacity":"","overlay-gradient":""}},"ast-content-background-meta":{"desktop":{"background-color":"var(--ast-global-color-5)","background-image":"","background-repeat":"repeat","background-position":"center center","background-size":"auto","background-attachment":"scroll","background-type":"","background-media":"","overlay-type":"","overlay-color":"","overlay-opacity":"","overlay-gradient":""},"tablet":{"background-color":"var(--ast-global-color-5)","background-image":"","background-repeat":"repeat","background-position":"center center","background-size":"auto","background-attachment":"scroll","background-type":"","background-media":"","overlay-type":"","overlay-color":"","overlay-opacity":"","overlay-gradient":""},"mobile":{"background-color":"var(--ast-global-color-5)","background-image":"","background-repeat":"repeat","background-position":"center center","background-size":"auto","background-attachment":"scroll","background-type":"","background-media":"","overlay-type":"","overlay-color":"","overlay-opacity":"","overlay-gradient":""}},"footnotes":""},"class_list":["post-96","page","type-page","status-publish","hentry"],"acf":[],"_links":{"self":[{"href":"https:\/\/interflugs.de\/de\/wp-json\/wp\/v2\/pages\/96","targetHints":{"allow":["GET"]}}],"collection":[{"href":"https:\/\/interflugs.de\/de\/wp-json\/wp\/v2\/pages"}],"about":[{"href":"https:\/\/interflugs.de\/de\/wp-json\/wp\/v2\/types\/page"}],"author":[{"embeddable":true,"href":"https:\/\/interflugs.de\/de\/wp-json\/wp\/v2\/users\/14"}],"replies":[{"embeddable":true,"href":"https:\/\/interflugs.de\/de\/wp-json\/wp\/v2\/comments?post=96"}],"version-history":[{"count":0,"href":"https:\/\/interflugs.de\/de\/wp-json\/wp\/v2\/pages\/96\/revisions"}],"up":[{"embeddable":true,"href":"https:\/\/interflugs.de\/de\/wp-json\/wp\/v2\/pages\/118"}],"wp:attachment":[{"href":"https:\/\/interflugs.de\/de\/wp-json\/wp\/v2\/media?parent=96"}],"curies":[{"name":"wp","href":"https:\/\/api.w.org\/{rel}","templated":true}]}}