{"id":93,"date":"2011-04-24T17:14:47","date_gmt":"2011-04-24T17:14:47","guid":{"rendered":"http:\/\/hatsumatsu.de\/interflugs\/?page_id=93"},"modified":"2021-08-24T14:07:47","modified_gmt":"2021-08-24T14:07:47","slug":"ausleihe","status":"publish","type":"page","link":"https:\/\/interflugs.de\/de\/ausleihe\/","title":{"rendered":"Ausleihe"},"content":{"rendered":"<h1><strong>BIS AUF WEITERES SIND DIES UNSERE REGELN\/VORSCHRIFTEN F\u00dcR DIE ZEIT VON COVID-19<\/strong><\/p>\n<p>Die Ausliehe wird am <strong>21. September 2020<\/strong> wieder ge\u00f6ffnet. Wir werden dann an jedem Montag (au\u00dfer an Feiertagen) von 13.00 bis 16.00 Uhr ge\u00f6ffnet bleiben.<\/p>\n<p><strong>**bitte beachten Sie**<\/strong>, dass Sie mindestens 1 Woche im Voraus eine E-Mail senden m\u00fcssen, bevor wir Ihnen Ausr\u00fcstung ausleihen k\u00f6nnen. Dann werden wir Ihnen ein Zeitfenster einr\u00e4umen, um Gedr\u00e4nge in und vor der Ausleihe zu vermeiden. Bitte senden Sie alle Anfragen an: ausleihe@interflugs.de.<\/p>\n<p>Ihre E-Mail sollte folgende Angaben enthalten:<\/p>\n<p>&#8211; Ihren Namen<\/p>\n<p>&#8211; waren Sie schon einmal in ausliehehe und haben ein Konto? (wenn Sie kein Konto haben, bringen Sie bitte ID + Anmeldung mit)<\/p>\n<p>&#8211; die Ausr\u00fcstung, die Sie ben\u00f6tigen und wof\u00fcr?<\/p>\n<p>~~~~~~*~~~~~~*~~~~~~*~~~~~~*~~~~~~*~~~~~~*<\/p>\n<p>Interflugs f\u00fchrt die Ger\u00e4teausleihe mit analogem und digitalem Foto-, Licht-, Video\/Film-, Aufzeichnungs-, Pr\u00e4sentations- und Audio-Equipment und allen m\u00f6glichen anderen Ger\u00e4ten (z.B. N\u00e4hmaschine und Megafon) f\u00fcr alle Studierenden (auch Nicht-UdK Studierende). <span class=\"author-g-ir0ykhj507pb6fj6\">Beim ersten Mal brauchen wir nur den Studierendenausweis, einen g\u00fcltigen Personalausweis und einen Nachweis einer Berliner Adresse. Eure Kopien k\u00f6nnt ihr direkt bei uns in der Ausleihe machen. <\/span>Zur Zeit sind sind \u00fcber 300 Ger\u00e4te im Bestand der Interflugs-Ausleihe.<\/p>\n<p>Die Ger\u00e4teausleihe befindet sich in der <strong>Hardenbergstr. 33 in Raum 33<\/strong>. Die \u00d6ffnungszeiten sind <strong>Montags** von 13:00 bis 16:00<\/strong>. Zwischen <strong>13 &#8211; 14 Uhr<\/strong> m\u00fcssen die geliehen Ger\u00e4te zur\u00fcckgegeben werden, damit sie von <strong>14 &#8211; 16 Uhr<\/strong> direkt weiterverliehen werden k\u00f6nnen. Pro Person k\u00f6nnen 5 Ger\u00e4te f\u00fcr eine Woche kostenlos ausgeliehen werden. Lediglich werden 50 Cent f\u00fcr gelaufene Beamerstunden veranschlagt.<\/p>\n<p>Ihr k\u00f6nnt Ger\u00e4te im Voraus reservieren, wenn ihr pers\u00f6nlich vorbei kommt. Vorbestellungen per Mail oder Telefon sind nicht m\u00f6glich.<\/p>\n<p>Die Ger\u00e4te sind nicht versichert, wenn etwas kaputt geht, m\u00fcsst Ihr f\u00fcr den entstanden Schaden aufkommen. <a title=\"Text aus der Publikation D\/EF\/FECT ACADEMY\" href=\"http:\/\/www.interflugs.de\/wp-content\/uploads\/2011\/04\/pub_ausleihetext.pdf\"><em>Die Ausleihe &#8211; Ein Pl\u00e4doyer f\u00fcr zus\u00e4tzliche Notwendigkeit<\/em><\/a><\/p>\n<p>Nochmal:\u00a0<strong>Vorbestellungen per Mail oder Telefon sind nicht m\u00f6glich!<br \/>\n<\/strong><\/p>\n<p>[email]ausleihe@interflugs.de[\/email]<br \/>\nHardenbergstr. 33 Room 33<br \/>\n+4930.3185.2108<br \/>\n\u00d6ffnungszeiten: Montags 13 &#8211; 16 Uhr<br \/>\nR\u00fcckgabe: Montags 13 \u2013 14 Uhr<br \/>\nAusgabe: Montags 14 \u2013 16 Uhr<\/p>\n<p>** <span class=\"author-g-ir0ykhj507pb6fj6\">In den Semesterferien haben wir andere \u00d6ffnungszeiten, bitte checkt diese auf unsere Hauptseite. Danke!<\/span><\/p>","protected":false},"excerpt":{"rendered":"<p>BIS AUF WEITERES SIND DIES UNSERE REGELN\/VORSCHRIFTEN F\u00dcR DIE ZEIT VON COVID-19 Die Ausliehe wird am 21. September 2020 wieder ge\u00f6ffnet. Wir werden dann an jedem Montag (au\u00dfer an Feiertagen) von 13.00 bis 16.00 Uhr ge\u00f6ffnet bleiben. **bitte beachten Sie**, dass Sie mindestens 1 Woche im Voraus eine E-Mail senden m\u00fcssen, bevor wir Ihnen Ausr\u00fcstung [&hellip;]<\/p>\n","protected":false},"author":14,"featured_media":0,"parent":0,"menu_order":20,"comment_status":"closed","ping_status":"closed","template":"","meta":{"_acf_changed":false,"site-sidebar-layout":"default","site-content-layout":"","ast-site-content-layout":"default","site-content-style":"default","site-sidebar-style":"default","ast-global-header-display":"","ast-banner-title-visibility":"","ast-main-header-display":"","ast-hfb-above-header-display":"","ast-hfb-below-header-display":"","ast-hfb-mobile-header-display":"","site-post-title":"","ast-breadcrumbs-content":"","ast-featured-img":"","footer-sml-layout":"","ast-disable-related-posts":"","theme-transparent-header-meta":"","adv-header-id-meta":"","stick-header-meta":"","header-above-stick-meta":"","header-main-stick-meta":"","header-below-stick-meta":"","astra-migrate-meta-layouts":"default","ast-page-background-enabled":"default","ast-page-background-meta":{"desktop":{"background-color":"var(--ast-global-color-4)","background-image":"","background-repeat":"repeat","background-position":"center center","background-size":"auto","background-attachment":"scroll","background-type":"","background-media":"","overlay-type":"","overlay-color":"","overlay-opacity":"","overlay-gradient":""},"tablet":{"background-color":"","background-image":"","background-repeat":"repeat","background-position":"center center","background-size":"auto","background-attachment":"scroll","background-type":"","background-media":"","overlay-type":"","overlay-color":"","overlay-opacity":"","overlay-gradient":""},"mobile":{"background-color":"","background-image":"","background-repeat":"repeat","background-position":"center center","background-size":"auto","background-attachment":"scroll","background-type":"","background-media":"","overlay-type":"","overlay-color":"","overlay-opacity":"","overlay-gradient":""}},"ast-content-background-meta":{"desktop":{"background-color":"var(--ast-global-color-5)","background-image":"","background-repeat":"repeat","background-position":"center center","background-size":"auto","background-attachment":"scroll","background-type":"","background-media":"","overlay-type":"","overlay-color":"","overlay-opacity":"","overlay-gradient":""},"tablet":{"background-color":"var(--ast-global-color-5)","background-image":"","background-repeat":"repeat","background-position":"center center","background-size":"auto","background-attachment":"scroll","background-type":"","background-media":"","overlay-type":"","overlay-color":"","overlay-opacity":"","overlay-gradient":""},"mobile":{"background-color":"var(--ast-global-color-5)","background-image":"","background-repeat":"repeat","background-position":"center center","background-size":"auto","background-attachment":"scroll","background-type":"","background-media":"","overlay-type":"","overlay-color":"","overlay-opacity":"","overlay-gradient":""}},"footnotes":""},"class_list":["post-93","page","type-page","status-publish","hentry"],"acf":[],"_links":{"self":[{"href":"https:\/\/interflugs.de\/de\/wp-json\/wp\/v2\/pages\/93","targetHints":{"allow":["GET"]}}],"collection":[{"href":"https:\/\/interflugs.de\/de\/wp-json\/wp\/v2\/pages"}],"about":[{"href":"https:\/\/interflugs.de\/de\/wp-json\/wp\/v2\/types\/page"}],"author":[{"embeddable":true,"href":"https:\/\/interflugs.de\/de\/wp-json\/wp\/v2\/users\/14"}],"replies":[{"embeddable":true,"href":"https:\/\/interflugs.de\/de\/wp-json\/wp\/v2\/comments?post=93"}],"version-history":[{"count":1,"href":"https:\/\/interflugs.de\/de\/wp-json\/wp\/v2\/pages\/93\/revisions"}],"predecessor-version":[{"id":2936,"href":"https:\/\/interflugs.de\/de\/wp-json\/wp\/v2\/pages\/93\/revisions\/2936"}],"wp:attachment":[{"href":"https:\/\/interflugs.de\/de\/wp-json\/wp\/v2\/media?parent=93"}],"curies":[{"name":"wp","href":"https:\/\/api.w.org\/{rel}","templated":true}]}}