{"id":36,"date":"2011-04-24T16:07:04","date_gmt":"2011-04-24T15:07:04","guid":{"rendered":"http:\/\/hatsumatsu.de\/interflugs\/?page_id=36"},"modified":"2011-04-24T16:07:04","modified_gmt":"2011-04-24T15:07:04","slug":"lecture-series","status":"publish","type":"page","link":"https:\/\/interflugs.de\/de\/lecture-series\/","title":{"rendered":"Lecture Series"},"content":{"rendered":"<p>Interflugs Lecture Series (ILS), vormals K\u00fcnstlerInnengespr\u00e4che, sind studentisch organisierte Veranstaltungen zu denen in unregelm\u00e4\u00dfigen Abst\u00e4nden K\u00fcnstler_innen, Kulturarbeiter_innen, Aktivist_innen oder Theoretiker_innen eingeladen werden.\u00a0Organisiert ist die ILS von einem Team von Interflugstutor_innen, wir freuen uns \u00fcber Kooperationen und Vorschl\u00e4ge f\u00fcr G\u00e4ste und Themen.<\/p>\n<p>Gemeinsam wird versucht, ein breites Spektrum an k\u00fcnstlerischen Positionen zu vertreten. ILS hat aber nicht den Anspruch repr\u00e4sentativ zu sein, sondern versteht sich als Reflexive auf aktuelle Auseinandersetzungen inner- wie au\u00dferhalb der UdK. Die Kommunikation unterschiedlichster Produktionsfelder ist Grundsatz.<\/p>\n<p>Die Vortr\u00e4ge finden in freier Folge oder als thematische Reihe in der Vorlesungszeit statt. Dabei beschr\u00e4nkt sich ihre Form nicht nur auf den klassischen Vortrag, sondern auch Workshops, Arbeitsbesprechungen, Performances, Screenings und alles dazwischen ist m\u00f6glich. Die Veranstaltungen sind offen f\u00fcr alle bei freiem Eintritt.<\/p>\n<p>Seit den 1980er Jahren wurden und werden die Lectures dokumentiert und stehen in der Ausleihe (Hardenbergstr. 33\/Raum 33), montags von 15-18 Uhr in all ihrer Pracht zur Verf\u00fcgung. (<a href=\"http:\/\/www.interflugs.de\/wp-content\/uploads\/2011\/04\/ILS_1989-2011_neu.pdf\">Liste-seit-89<\/a> und <a href=\"http:\/\/www.interflugs.de\/wp-content\/uploads\/2011\/04\/ausleiheliste_lecture-dvds.pdf\">Lecture-Videothek<\/a>).\u00a0Die Veranstaltungen werden mit Plakaten angek\u00fcndigt und als <a href=\"http:\/\/www.interflugs.de\/newsletter\/\" rel=\"popup\">Email-Newsletter<\/a> versendet.<\/p>\n<p>Kontakt: [email]ils@interflugs.de[\/email]<\/p>","protected":false},"excerpt":{"rendered":"<p>Interflugs Lecture Series (ILS), vormals K\u00fcnstlerInnengespr\u00e4che, sind studentisch organisierte Veranstaltungen zu denen in unregelm\u00e4\u00dfigen Abst\u00e4nden K\u00fcnstler_innen, Kulturarbeiter_innen, Aktivist_innen oder Theoretiker_innen eingeladen werden.\u00a0Organisiert ist die ILS von einem Team von Interflugstutor_innen, wir freuen uns \u00fcber Kooperationen und Vorschl\u00e4ge f\u00fcr G\u00e4ste und Themen. Gemeinsam wird versucht, ein breites Spektrum an k\u00fcnstlerischen Positionen zu vertreten. ILS hat aber [&hellip;]<\/p>\n","protected":false},"author":14,"featured_media":0,"parent":0,"menu_order":23,"comment_status":"open","ping_status":"closed","template":"","meta":{"_acf_changed":false,"site-sidebar-layout":"default","site-content-layout":"","ast-site-content-layout":"default","site-content-style":"default","site-sidebar-style":"default","ast-global-header-display":"","ast-banner-title-visibility":"","ast-main-header-display":"","ast-hfb-above-header-display":"","ast-hfb-below-header-display":"","ast-hfb-mobile-header-display":"","site-post-title":"","ast-breadcrumbs-content":"","ast-featured-img":"","footer-sml-layout":"","ast-disable-related-posts":"","theme-transparent-header-meta":"","adv-header-id-meta":"","stick-header-meta":"","header-above-stick-meta":"","header-main-stick-meta":"","header-below-stick-meta":"","astra-migrate-meta-layouts":"default","ast-page-background-enabled":"default","ast-page-background-meta":{"desktop":{"background-color":"var(--ast-global-color-4)","background-image":"","background-repeat":"repeat","background-position":"center center","background-size":"auto","background-attachment":"scroll","background-type":"","background-media":"","overlay-type":"","overlay-color":"","overlay-opacity":"","overlay-gradient":""},"tablet":{"background-color":"","background-image":"","background-repeat":"repeat","background-position":"center center","background-size":"auto","background-attachment":"scroll","background-type":"","background-media":"","overlay-type":"","overlay-color":"","overlay-opacity":"","overlay-gradient":""},"mobile":{"background-color":"","background-image":"","background-repeat":"repeat","background-position":"center center","background-size":"auto","background-attachment":"scroll","background-type":"","background-media":"","overlay-type":"","overlay-color":"","overlay-opacity":"","overlay-gradient":""}},"ast-content-background-meta":{"desktop":{"background-color":"var(--ast-global-color-5)","background-image":"","background-repeat":"repeat","background-position":"center center","background-size":"auto","background-attachment":"scroll","background-type":"","background-media":"","overlay-type":"","overlay-color":"","overlay-opacity":"","overlay-gradient":""},"tablet":{"background-color":"var(--ast-global-color-5)","background-image":"","background-repeat":"repeat","background-position":"center center","background-size":"auto","background-attachment":"scroll","background-type":"","background-media":"","overlay-type":"","overlay-color":"","overlay-opacity":"","overlay-gradient":""},"mobile":{"background-color":"var(--ast-global-color-5)","background-image":"","background-repeat":"repeat","background-position":"center center","background-size":"auto","background-attachment":"scroll","background-type":"","background-media":"","overlay-type":"","overlay-color":"","overlay-opacity":"","overlay-gradient":""}},"footnotes":""},"class_list":["post-36","page","type-page","status-publish","hentry"],"acf":[],"_links":{"self":[{"href":"https:\/\/interflugs.de\/de\/wp-json\/wp\/v2\/pages\/36","targetHints":{"allow":["GET"]}}],"collection":[{"href":"https:\/\/interflugs.de\/de\/wp-json\/wp\/v2\/pages"}],"about":[{"href":"https:\/\/interflugs.de\/de\/wp-json\/wp\/v2\/types\/page"}],"author":[{"embeddable":true,"href":"https:\/\/interflugs.de\/de\/wp-json\/wp\/v2\/users\/14"}],"replies":[{"embeddable":true,"href":"https:\/\/interflugs.de\/de\/wp-json\/wp\/v2\/comments?post=36"}],"version-history":[{"count":0,"href":"https:\/\/interflugs.de\/de\/wp-json\/wp\/v2\/pages\/36\/revisions"}],"wp:attachment":[{"href":"https:\/\/interflugs.de\/de\/wp-json\/wp\/v2\/media?parent=36"}],"curies":[{"name":"wp","href":"https:\/\/api.w.org\/{rel}","templated":true}]}}