{"id":267,"date":"2011-04-27T09:23:22","date_gmt":"2011-04-27T07:23:22","guid":{"rendered":"http:\/\/hatsumatsu.de\/interflugs\/?page_id=267"},"modified":"2011-04-27T09:23:22","modified_gmt":"2011-04-27T07:23:22","slug":"freie-klasse","status":"publish","type":"page","link":"https:\/\/interflugs.de\/de\/freie-klasse\/","title":{"rendered":"Freie Klasse"},"content":{"rendered":"<p><span style=\"font-weight: 400;\">Freieklasse is an open platform for study and critical organizing &#8211; dreaming of non &#8211; hierarchical teaching and accessible learning spaces where <\/span><span style=\"font-weight: 400;\">we host regular workshops and lectures, organised by students working at Interflugs, and we are always open for suggestions and collaboration.\u00a0<\/span><\/p>\n<p><span style=\"font-weight: 400;\">Workshops interweave interdisciplinary strands such as providing access to technological knowledge (how to break it down DIY styles and make accessible using a camera, recording sound, or editing ) whilst also offering workshops that propose modes of being that resist the patriarchy, racism, ableism, capitalism, colonialism across the fine arts, music, architecture, design, film, performance and dance.<\/span><\/p>\n<p><span style=\"font-weight: 400;\">The CAAT talks (collective artist activist talks) are short lectures and discussions with ppl we are excited to learn and think with.\u00a0 Most talks are accessible online.\u00a0\u00a0<\/span><\/p>\n<p><span style=\"font-weight: 400;\">Please note that during the Covid-19 regulations, we regenerated the Fakultaetnull platform as an online structure to provide access to the whole Freieklasse events online You can reach the program and some of the past events records here: <a href=\"https:\/\/fakultaetnull.org\/\">fakultaetnull.org<\/a><\/span><\/p>\n<p><span style=\"font-weight: 400;\">All events are free of charge and open for everyone.\u00a0 Please check specific events as some are centered towards marginalized communities.\u00a0<\/span><\/p>\n<p>***<\/p>\n<p>Schreib uns f\u00fcr die Anfrage f\u00fcr R\u00e4ume und F\u00f6rderungen:<br \/>\n[email]freieklasse@interflugs.de[\/email]<\/p>","protected":false},"excerpt":{"rendered":"<p>Freieklasse is an open platform for study and critical organizing &#8211; dreaming of non &#8211; hierarchical teaching and accessible learning spaces where we host regular workshops and lectures, organised by students working at Interflugs, and we are always open for suggestions and collaboration.\u00a0 Workshops interweave interdisciplinary strands such as providing access to technological knowledge (how [&hellip;]<\/p>\n","protected":false},"author":14,"featured_media":0,"parent":0,"menu_order":25,"comment_status":"open","ping_status":"closed","template":"","meta":{"_acf_changed":false,"site-sidebar-layout":"default","site-content-layout":"","ast-site-content-layout":"default","site-content-style":"default","site-sidebar-style":"default","ast-global-header-display":"","ast-banner-title-visibility":"","ast-main-header-display":"","ast-hfb-above-header-display":"","ast-hfb-below-header-display":"","ast-hfb-mobile-header-display":"","site-post-title":"","ast-breadcrumbs-content":"","ast-featured-img":"","footer-sml-layout":"","ast-disable-related-posts":"","theme-transparent-header-meta":"","adv-header-id-meta":"","stick-header-meta":"","header-above-stick-meta":"","header-main-stick-meta":"","header-below-stick-meta":"","astra-migrate-meta-layouts":"default","ast-page-background-enabled":"default","ast-page-background-meta":{"desktop":{"background-color":"var(--ast-global-color-4)","background-image":"","background-repeat":"repeat","background-position":"center center","background-size":"auto","background-attachment":"scroll","background-type":"","background-media":"","overlay-type":"","overlay-color":"","overlay-opacity":"","overlay-gradient":""},"tablet":{"background-color":"","background-image":"","background-repeat":"repeat","background-position":"center center","background-size":"auto","background-attachment":"scroll","background-type":"","background-media":"","overlay-type":"","overlay-color":"","overlay-opacity":"","overlay-gradient":""},"mobile":{"background-color":"","background-image":"","background-repeat":"repeat","background-position":"center center","background-size":"auto","background-attachment":"scroll","background-type":"","background-media":"","overlay-type":"","overlay-color":"","overlay-opacity":"","overlay-gradient":""}},"ast-content-background-meta":{"desktop":{"background-color":"var(--ast-global-color-5)","background-image":"","background-repeat":"repeat","background-position":"center center","background-size":"auto","background-attachment":"scroll","background-type":"","background-media":"","overlay-type":"","overlay-color":"","overlay-opacity":"","overlay-gradient":""},"tablet":{"background-color":"var(--ast-global-color-5)","background-image":"","background-repeat":"repeat","background-position":"center center","background-size":"auto","background-attachment":"scroll","background-type":"","background-media":"","overlay-type":"","overlay-color":"","overlay-opacity":"","overlay-gradient":""},"mobile":{"background-color":"var(--ast-global-color-5)","background-image":"","background-repeat":"repeat","background-position":"center center","background-size":"auto","background-attachment":"scroll","background-type":"","background-media":"","overlay-type":"","overlay-color":"","overlay-opacity":"","overlay-gradient":""}},"footnotes":""},"class_list":["post-267","page","type-page","status-publish","hentry"],"acf":[],"_links":{"self":[{"href":"https:\/\/interflugs.de\/de\/wp-json\/wp\/v2\/pages\/267","targetHints":{"allow":["GET"]}}],"collection":[{"href":"https:\/\/interflugs.de\/de\/wp-json\/wp\/v2\/pages"}],"about":[{"href":"https:\/\/interflugs.de\/de\/wp-json\/wp\/v2\/types\/page"}],"author":[{"embeddable":true,"href":"https:\/\/interflugs.de\/de\/wp-json\/wp\/v2\/users\/14"}],"replies":[{"embeddable":true,"href":"https:\/\/interflugs.de\/de\/wp-json\/wp\/v2\/comments?post=267"}],"version-history":[{"count":0,"href":"https:\/\/interflugs.de\/de\/wp-json\/wp\/v2\/pages\/267\/revisions"}],"wp:attachment":[{"href":"https:\/\/interflugs.de\/de\/wp-json\/wp\/v2\/media?parent=267"}],"curies":[{"name":"wp","href":"https:\/\/api.w.org\/{rel}","templated":true}]}}