{"id":2422,"date":"2011-04-24T11:41:40","date_gmt":"2011-04-24T11:41:40","guid":{"rendered":"http:\/\/hatsumatsu.de\/interflugs\/?page_id=10"},"modified":"2025-10-27T17:19:01","modified_gmt":"2025-10-27T17:19:01","slug":"interflugs","status":"publish","type":"page","link":"https:\/\/interflugs.de\/de\/interflugs\/","title":{"rendered":"\u00dcber uns"},"content":{"rendered":"<p>[vc_row][vc_column][vc_column_text][\/vc_column_text][\/vc_column][\/vc_row][vc_row][vc_column width=&#8220;2\/3&#8243; offset=&#8220;vc_hidden-sm vc_hidden-xs&#8220;][vc_custom_heading source=&#8220;post_title&#8220; font_container=&#8220;tag:h1|text_align:left&#8220; google_fonts=&#8220;font_family:Anonymous%20Pro%3Aregular%2Citalic%2C700%2C700italic|font_style:700%20bold%20regular%3A700%3Anormal&#8220;][vc_column_text]<\/p>\n<h1 class=\"grid-8\"><\/h1>\n<div class=\"body_text grid-8\">\n<p>Hallo Netzwerk von Freunden, Studenten, Organisatoren, K\u00fcnstlern und Unruhestiftern!<\/p>\n<p>Interflugs ist die rebellische Fakult\u00e4t, die kollektiv von Studenten organisiert wird, die arbeiten, um Zugang und Ressourcen zu schaffen und Privilegien der freien K\u00fcnste Institution in einer Weise neu zu verteilen, die diesen Ort, hoffentlich ein wenig mehr lebenswert, st\u00f6rend und freudig zu machen. \u00a0Wir versuchen, radikale generative Seinsweisen in unserer Arbeit zu unterst\u00fctzen und zu engagieren und Orte f\u00fcr Wildheit zu schaffen.<\/p>\n<p>Wir sind keine politische Gruppe, aber wir werden alle Formen von kritischen Versammlungen und Widerstand gegen toxische Macht unterst\u00fctzen. Wir arbeiten kollektiv im Widerstand gegen Hierarchien und versuchen, Verbindungen mit Menschen innerhalb und au\u00dferhalb der Institution aufzubauen und aufrechtzuerhalten.<\/p>\n<\/div>\n<p>Seit mehr als 30 Jahren arbeitet Interflugs als selbstorganisierte autonome Studentenorganisation. Zusammen mit Studierenden und Lehrenden und in Kommunikation mit K\u00fcnstlern und Kulturorganisationen agiert Interflugs unabh\u00e4ngig und kritisch, um Raum f\u00fcr alle Arten von Diskussionen, k\u00fcnstlerischen Disziplinen und Selbstbildungsinitiativen zu \u00f6ffnen, die \u00fcber die Bildungsmaschinerie der UdK hinausgehen oder ihr entgegenwirken.\u00a0 Interflugs betreibt Abteilungen wie den Ger\u00e4teverleih, die Redaktionsr\u00e4ume, die Projektf\u00f6rderung und die Organisation von Workshops, Vortr\u00e4gen und der freien Klasse.<\/p>\n<p>Wir veranstalten regelm\u00e4\u00dfig Workshops und Vortr\u00e4ge \u00fcber interdisziplin\u00e4re Wissensgebiete mit K\u00fcnstlern, Kollektiven, Aktivisten und Menschen, die von Studenten, die bei Interflugs arbeiten, organisiert werden, und wir sind immer offen f\u00fcr Vorschl\u00e4ge und Zusammenarbeit. Alle diese Veranstaltungen sind frei zug\u00e4nglich und wir versuchen, wenn m\u00f6glich, einen Online-Zugang anzubieten.[\/vc_column_text][\/vc_column][vc_column width=&#8220;1\/3&#8243; offset=&#8220;vc_hidden-sm vc_hidden-xs&#8220;][vc_single_image image=&#8220;3623&#8243; img_size=&#8220;medium&#8220; alignment=&#8220;right&#8220;][vc_single_image image=&#8220;3625&#8243; img_size=&#8220;medium&#8220;][\/vc_column][\/vc_row][vc_row][vc_column offset=&#8220;vc_hidden-lg vc_hidden-md&#8220;][vc_custom_heading source=&#8220;post_title&#8220; font_container=&#8220;tag:h1|text_align:left&#8220; google_fonts=&#8220;font_family:Anonymous%20Pro%3Aregular%2Citalic%2C700%2C700italic|font_style:700%20bold%20regular%3A700%3Anormal&#8220;][vc_single_image image=&#8220;3623&#8243; img_size=&#8220;medium&#8220; alignment=&#8220;right&#8220;][vc_column_text]<\/p>\n<h1 class=\"grid-8\"><\/h1>\n<div class=\"body_text grid-8\">\n<p>Hallo Netzwerk von Freunden, Studenten, Organisatoren, K\u00fcnstlern und Unruhestiftern!<\/p>\n<p>Interflugs ist die rebellische Fakult\u00e4t, die kollektiv von Studenten organisiert wird, die arbeiten, um Zugang und Ressourcen zu schaffen und Privilegien der freien K\u00fcnste Institution in einer Weise neu zu verteilen, die diesen Ort, hoffentlich ein wenig mehr lebenswert, st\u00f6rend und freudig zu machen. \u00a0Wir versuchen, radikale generative Seinsweisen in unserer Arbeit zu unterst\u00fctzen und zu engagieren und Orte f\u00fcr Wildheit zu schaffen.<\/p>\n<p>Wir sind keine politische Gruppe, aber wir werden alle Formen von kritischen Versammlungen und Widerstand gegen toxische Macht unterst\u00fctzen. Wir arbeiten kollektiv im Widerstand gegen Hierarchien und versuchen, Verbindungen mit Menschen innerhalb und au\u00dferhalb der Institution aufzubauen und aufrechtzuerhalten.<\/p>\n<\/div>\n<p>Seit fast 30 Jahren arbeitet Interflugs als selbstorganisierte autonome Studentenorganisation. Zusammen mit Studierenden und Lehrenden und in Kommunikation mit K\u00fcnstlern und Kulturorganisationen agiert Interflugs unabh\u00e4ngig und kritisch, um Raum f\u00fcr alle Arten von Diskussionen, k\u00fcnstlerischen Disziplinen und Selbstbildungsinitiativen zu \u00f6ffnen, die \u00fcber die Bildungsmaschinerie der UdK hinausgehen oder ihr entgegenwirken.\u00a0 Interflugs betreibt Abteilungen wie den Ger\u00e4teverleih, die Redaktionsr\u00e4ume, die Projektf\u00f6rderung und die Organisation von Workshops, Vortr\u00e4gen und der freien Klasse.<\/p>\n<p>Wir veranstalten regelm\u00e4\u00dfig Workshops und Vortr\u00e4ge \u00fcber interdisziplin\u00e4re Wissensgebiete mit K\u00fcnstlern, Kollektiven, Aktivisten und Menschen, die von Studenten, die bei Interflugs arbeiten, organisiert werden, und wir sind immer offen f\u00fcr Vorschl\u00e4ge und Zusammenarbeit. Alle diese Veranstaltungen sind frei zug\u00e4nglich und wir versuchen, wenn m\u00f6glich, einen Online-Zugang anzubieten. Bitte beachten Sie die Seite &#8222;Fakult\u00e6t Null&#8220; oder die folgende Plattform, \u00fcber die wir Veranstaltungen anbieten: <a href=\"http:\/\/www.fakultaetnull.org\" target=\"_blank\" rel=\"noopener\">www.fakultaetnull.org<\/a>[\/vc_column_text][vc_single_image image=&#8220;3625&#8243; img_size=&#8220;medium&#8220;][\/vc_column][\/vc_row][vc_row][vc_column width=&#8220;2\/3&#8243; offset=&#8220;vc_hidden-sm vc_hidden-xs&#8220;][vc_custom_heading text=&#8220;Herstory&#8220; font_container=&#8220;tag:h1|text_align:left&#8220; google_fonts=&#8220;font_family:Anonymous%20Pro%3Aregular%2Citalic%2C700%2C700italic|font_style:700%20bold%20regular%3A700%3Anormal&#8220;][vc_column_text]The ASV platform (autonomous student projects), later Interflugs, was founded after a strike of the Berlin universities in 1988\/89 as a reaction to the student demands at the UdK (then still HdK). At the same time, the Free Class was created at the Faculty of Fine Arts. The university president at the time provided an unprecedented budget for the autonomous student platform. Meanwhile shrunk to about half of the budget at that time, Interflugs tries to maintain the existing funds and resources and to manage them without bureaucracy and hierarchy. In its self-managed form, Interflugs is a unique construct and permanent experiment that does not exist in this form at any other art school. More about the history of Interflugs can be found in the last Interflugs publication and in the archive.[\/vc_column_text][\/vc_column][vc_column width=&#8220;1\/3&#8243; offset=&#8220;vc_hidden-sm vc_hidden-xs&#8220;][vc_single_image image=&#8220;4010&#8243; img_size=&#8220;medium&#8220;][\/vc_column][\/vc_row][vc_row][vc_column offset=&#8220;vc_hidden-lg vc_hidden-md&#8220;][vc_custom_heading text=&#8220;Herstory&#8220; font_container=&#8220;tag:h1|text_align:left&#8220; google_fonts=&#8220;font_family:Anonymous%20Pro%3Aregular%2Citalic%2C700%2C700italic|font_style:700%20bold%20regular%3A700%3Anormal&#8220;][vc_column_text]The ASV platform (autonomous student projects), later Interflugs, was founded after a strike of the Berlin universities in 1988\/89 as a reaction to the student demands at the UdK (then still HdK). At the same time, the Free Class was created at the Faculty of Fine Arts. The university president at the time provided an unprecedented budget for the autonomous student platform. Meanwhile shrunk to about half of the budget at that time, Interflugs tries to maintain the existing funds and resources and to manage them without bureaucracy and hierarchy. In its self-managed form, Interflugs is a unique construct and permanent experiment that does not exist in this form at any other art school. More about the history of Interflugs can be found in the last Interflugs publication and in the archive.[\/vc_column_text][vc_single_image image=&#8220;4010&#8243; img_size=&#8220;medium&#8220;][\/vc_column][\/vc_row][vc_row][vc_column width=&#8220;2\/3&#8243; offset=&#8220;vc_hidden-sm vc_hidden-xs&#8220;][vc_custom_heading text=&#8220;B\u00fcro&#8220; font_container=&#8220;tag:h1|text_align:left&#8220; google_fonts=&#8220;font_family:Anonymous%20Pro%3Aregular%2Citalic%2C700%2C700italic|font_style:700%20bold%20regular%3A700%3Anormal&#8220;][vc_column_text]<\/p>\n<p data-pm-slice=\"1 1 []\">The B\u00fcro, is at the centre of Interflugs, and is the main office in charge of administrative tasks from Interflugs, handling distribution of funds between student groups, and support project funding projects. For general questions for Interflugs members, as well as anything related to funding or finances, please contact us with the information provided below if you have any questions:<\/p>\n<p data-pm-slice=\"1 1 []\"><strong>Room 9E<\/strong><br \/>\n<strong>Hardenbergstr. 33 10623 Berlin<\/strong><br \/>\n<strong>030 \/ 3185 2565<\/strong><br \/>\n<strong>Office Hours: Monday 1 pm \u2013 6 pm <\/strong><\/p>\n<p data-pm-slice=\"1 1 []\"><strong>**Please write in advance at <span style=\"-webkit-user-select: none; -ms-user-select: none; -user-select: none;\">buero@interflugs.de<\/span>, as hours may vary during the holidays and semester breaks.<\/strong><\/p>\n<p>[\/vc_column_text][\/vc_column][vc_column width=&#8220;1\/3&#8243; offset=&#8220;vc_hidden-sm vc_hidden-xs&#8220;][vc_single_image image=&#8220;4011&#8243; img_size=&#8220;medium&#8220;][\/vc_column][\/vc_row][vc_row][vc_column width=&#8220;2\/3&#8243; offset=&#8220;vc_hidden-sm vc_hidden-xs&#8220;][vc_custom_heading text=&#8220;Publications&#8220; font_container=&#8220;tag:h1|text_align:left&#8220; google_fonts=&#8220;font_family:Anonymous%20Pro%3Aregular%2Citalic%2C700%2C700italic|font_style:700%20bold%20regular%3A700%3Anormal&#8220;][vc_column_text]<\/p>\n<header class=\"entry-header ast-no-meta\">\n<div class=\"ast-single-post-order\">\n<h4>D\/EF\/FECT Academy: INTERFLUGS Publikation III<\/h4>\n<\/div>\n<\/header>\n<div class=\"entry-content clear\">\n<h6>PLEASE TRY THIS AT HOME!<\/h6>\n<ul>\n<li>Defekt und Effekt: Dokumentation der Interflugs Sommerakademie 2009 \/ Inhalte und Materialien der \u201canderen\u201d Akademie<\/li>\n<li>Selbstorganisierte Gruppen, Freie Klassen und Alternativen zur Ausbildungsnorm<\/li>\n<li>Untersuchungen zu kollektiven Arbeitsformen in der Kunst<\/li>\n<li>Hochschulproteste und k\u00fcnstlerische Ausbildung nach Bologna<\/li>\n<li>Theoretische Beitr\u00e4ge zur Kultur- und Wissensproduktion<\/li>\n<li>Archive der Freien Klasse und Interflugs an der HdK\/UdK Berlin, 1989 \u2013 2010<\/li>\n<\/ul>\n<p>Die Publikation erscheint aus Anlass des 20-j\u00e4hrigen Bestehens von Interflugs. Eine gedruckte Version der Interflugspublikation ist im Buchladen Eures Vertrauens, \u00fcber Amazon oder im Interflugs B\u00fcro (Hardenbergstrasse 33\/Raum33, Montags zwischen 15-18h) erh\u00e4ltlich.<\/p>\n<p>250 Seiten, Deutsch \/Englisch, Softcover handprinted, Hrsg. Interflugs, UdK Verlag 2010<br \/>\nISBN: 978-3-89462-184-1<\/p>\n<p>Download <a href=\"https:\/\/www.interflugs.de\/wp-content\/uploads\/2021\/10\/deffectacademy.pdf\" target=\"_blank\" rel=\"noopener\">here<\/a>!<\/p>\n<\/div>\n<p>[\/vc_column_text][\/vc_column][vc_column width=&#8220;1\/3&#8243; offset=&#8220;vc_hidden-sm vc_hidden-xs&#8220;][vc_single_image image=&#8220;4121&#8243; img_size=&#8220;medium&#8220;][\/vc_column][\/vc_row][vc_row][vc_column width=&#8220;2\/3&#8243; offset=&#8220;vc_hidden-sm vc_hidden-xs&#8220;][vc_column_text]<\/p>\n<header class=\"entry-header ast-no-meta\">\n<div class=\"ast-single-post-order\">\n<h4 class=\"entry-title\">Interflugs Dokumentation Vol. II<\/h4>\n<\/div>\n<\/header>\n<div class=\"entry-content clear\">\n<p>136 Seiten, Softcover, Hrsg. Interflugs, 2004<\/p>\n<p>Sie k\u00f6nnen bei uns im B\u00fcro nachfragen, um zur Ver\u00f6ffentlichung zu gelangen.<\/p>\n<p>&nbsp;<\/p>\n<\/div>\n<p>[\/vc_column_text][\/vc_column][vc_column width=&#8220;1\/3&#8243; offset=&#8220;vc_hidden-sm vc_hidden-xs&#8220;][vc_single_image image=&#8220;4122&#8243; img_size=&#8220;medium&#8220;][\/vc_column][\/vc_row][vc_row][vc_column offset=&#8220;vc_hidden-lg vc_hidden-md&#8220;][vc_custom_heading text=&#8220;B\u00fcro&#8220; font_container=&#8220;tag:h1|text_align:left&#8220; google_fonts=&#8220;font_family:Anonymous%20Pro%3Aregular%2Citalic%2C700%2C700italic|font_style:700%20bold%20regular%3A700%3Anormal&#8220;][vc_column_text]<\/p>\n<p data-pm-slice=\"1 1 []\">The B\u00fcro, is at the centre of Interflugs, and is the main office in charge of administrative tasks from Interflugs, handling distribution of funds between student groups, and support project funding projects. For general questions for Interflugs members, as well as anything related to funding or finances, please contact us with the information provided below if you have any questions:<\/p>\n<p data-pm-slice=\"1 1 []\"><strong>Room 9E<\/strong><br \/>\n<strong>Hardenbergstr. 33 10623 Berlin<\/strong><br \/>\n<strong>030 \/ 3185 2565<\/strong><br \/>\n<strong>Office Hours: Monday 1 pm \u2013 6 pm <\/strong><\/p>\n<p data-pm-slice=\"1 1 []\"><strong>**Please write in advance at <span style=\"-webkit-user-select: none; -ms-user-select: none; -user-select: none;\">buero@interflugs.de<\/span>, as hours may vary during the pandemic.<br \/>\n<\/strong><\/p>\n<p>[\/vc_column_text][vc_single_image image=&#8220;4011&#8243; img_size=&#8220;medium&#8220;][\/vc_column][\/vc_row][vc_row][vc_column][vc_column_text][\/vc_column_text][\/vc_column][\/vc_row]<\/p>","protected":false},"excerpt":{"rendered":"<p>[vc_row][vc_column][vc_column_text][\/vc_column_text][\/vc_column][\/vc_row][vc_row][vc_column width=&#8220;2\/3&#8243; offset=&#8220;vc_hidden-sm vc_hidden-xs&#8220;][vc_custom_heading source=&#8220;post_title&#8220; font_container=&#8220;tag:h1|text_align:left&#8220; google_fonts=&#8220;font_family:Anonymous%20Pro%3Aregular%2Citalic%2C700%2C700italic|font_style:700%20bold%20regular%3A700%3Anormal&#8220;][vc_column_text] Hallo Netzwerk von Freunden, Studenten, Organisatoren, K\u00fcnstlern und Unruhestiftern! Interflugs ist die rebellische Fakult\u00e4t, die kollektiv von Studenten organisiert wird, die arbeiten, um Zugang und Ressourcen zu schaffen und Privilegien der freien K\u00fcnste Institution in einer Weise neu zu verteilen, die diesen Ort, hoffentlich ein wenig mehr lebenswert, [&hellip;]<\/p>\n","protected":false},"author":14,"featured_media":42,"parent":0,"menu_order":1,"comment_status":"closed","ping_status":"closed","template":"","meta":{"_acf_changed":false,"site-sidebar-layout":"default","site-content-layout":"default","ast-site-content-layout":"default","site-content-style":"default","site-sidebar-style":"default","ast-global-header-display":"","ast-banner-title-visibility":"","ast-main-header-display":"","ast-hfb-above-header-display":"","ast-hfb-below-header-display":"","ast-hfb-mobile-header-display":"","site-post-title":"disabled","ast-breadcrumbs-content":"","ast-featured-img":"disabled","footer-sml-layout":"","ast-disable-related-posts":"","theme-transparent-header-meta":"default","adv-header-id-meta":"","stick-header-meta":"","header-above-stick-meta":"","header-main-stick-meta":"","header-below-stick-meta":"","astra-migrate-meta-layouts":"set","ast-page-background-enabled":"default","ast-page-background-meta":{"desktop":{"background-color":"var(--ast-global-color-4)","background-image":"","background-repeat":"repeat","background-position":"center center","background-size":"auto","background-attachment":"scroll","background-type":"","background-media":"","overlay-type":"","overlay-color":"","overlay-opacity":"","overlay-gradient":""},"tablet":{"background-color":"","background-image":"","background-repeat":"repeat","background-position":"center center","background-size":"auto","background-attachment":"scroll","background-type":"","background-media":"","overlay-type":"","overlay-color":"","overlay-opacity":"","overlay-gradient":""},"mobile":{"background-color":"","background-image":"","background-repeat":"repeat","background-position":"center center","background-size":"auto","background-attachment":"scroll","background-type":"","background-media":"","overlay-type":"","overlay-color":"","overlay-opacity":"","overlay-gradient":""}},"ast-content-background-meta":{"desktop":{"background-color":"var(--ast-global-color-5)","background-image":"","background-repeat":"repeat","background-position":"center center","background-size":"auto","background-attachment":"scroll","background-type":"","background-media":"","overlay-type":"","overlay-color":"","overlay-opacity":"","overlay-gradient":""},"tablet":{"background-color":"var(--ast-global-color-5)","background-image":"","background-repeat":"repeat","background-position":"center center","background-size":"auto","background-attachment":"scroll","background-type":"","background-media":"","overlay-type":"","overlay-color":"","overlay-opacity":"","overlay-gradient":""},"mobile":{"background-color":"var(--ast-global-color-5)","background-image":"","background-repeat":"repeat","background-position":"center center","background-size":"auto","background-attachment":"scroll","background-type":"","background-media":"","overlay-type":"","overlay-color":"","overlay-opacity":"","overlay-gradient":""}},"footnotes":""},"class_list":["post-2422","page","type-page","status-publish","has-post-thumbnail","hentry"],"acf":[],"_links":{"self":[{"href":"https:\/\/interflugs.de\/de\/wp-json\/wp\/v2\/pages\/2422","targetHints":{"allow":["GET"]}}],"collection":[{"href":"https:\/\/interflugs.de\/de\/wp-json\/wp\/v2\/pages"}],"about":[{"href":"https:\/\/interflugs.de\/de\/wp-json\/wp\/v2\/types\/page"}],"author":[{"embeddable":true,"href":"https:\/\/interflugs.de\/de\/wp-json\/wp\/v2\/users\/14"}],"replies":[{"embeddable":true,"href":"https:\/\/interflugs.de\/de\/wp-json\/wp\/v2\/comments?post=2422"}],"version-history":[{"count":96,"href":"https:\/\/interflugs.de\/de\/wp-json\/wp\/v2\/pages\/2422\/revisions"}],"predecessor-version":[{"id":4400,"href":"https:\/\/interflugs.de\/de\/wp-json\/wp\/v2\/pages\/2422\/revisions\/4400"}],"wp:featuredmedia":[{"embeddable":true,"href":"https:\/\/interflugs.de\/de\/wp-json\/"}],"wp:attachment":[{"href":"https:\/\/interflugs.de\/de\/wp-json\/wp\/v2\/media?parent=2422"}],"curies":[{"name":"wp","href":"https:\/\/api.w.org\/{rel}","templated":true}]}}