{"id":20,"date":"2011-04-24T14:05:49","date_gmt":"2011-04-24T14:05:49","guid":{"rendered":"http:\/\/hatsumatsu.de\/interflugs\/?page_id=20"},"modified":"2025-10-20T16:06:01","modified_gmt":"2025-10-20T16:06:01","slug":"kontakt","status":"publish","type":"page","link":"https:\/\/interflugs.de\/de\/kontakt\/","title":{"rendered":"Kontakt"},"content":{"rendered":"<p>[vc_row][vc_column][vc_custom_heading text=&#8220;Kontakt&#8220; font_container=&#8220;tag:h1|text_align:right&#8220; google_fonts=&#8220;font_family:Anonymous%20Pro%3Aregular%2Citalic%2C700%2C700italic|font_style:700%20bold%20regular%3A700%3Anormal&#8220;][vc_column_text]<\/p>\n<p style=\"text-align: right;\"><strong>Allgemein<\/strong><strong>es \/B\u00fcro:<\/strong><br \/>\nRoom 9e<br \/>\nHardenbergstr. 33 10623 Berlin<br \/>\nB\u00fcrozeiten: Montags 12 &#8211; 18 Uhr<br \/>\n<strong><span style=\"-webkit-user-select: none; -ms-user-select: none; -user-select: none;\">buero@interflugs.de<\/span><\/strong><\/p>\n<p style=\"text-align: right;\"><strong>Projektf\u00f6rderung:<\/strong><br \/>\nRaum 9e<br \/>\nB\u00fcrozeiten: Montags 13 &#8211; 18 Uhr<br \/>\n<strong><span style=\"-webkit-user-select: none; -ms-user-select: none; -user-select: none;\">projektfoerderung@interflugs.de<\/span><\/strong><\/p>\n<p style=\"text-align: right;\"><strong>Ausleihe:<\/strong><br \/>\nRaum 33<br \/>\n030 \/ 3185 2108<br \/>\n\u00d6ffnungszeiten: Montags 15 &#8211; 17:30 Uhr<br \/>\n<strong><span style=\"-webkit-user-select: none; -ms-user-select: none; -user-select: none;\">ausleihe@interflugs.de<\/span><\/strong><\/p>\n<p style=\"text-align: right;\"><strong>Schnittplatz:<\/strong><br \/>\nRaum 9a &amp; 9c<br \/>\nBetreuung: Montags 13 &#8211; 18 Uhr<br \/>\n<strong><span style=\"-webkit-user-select: none; -ms-user-select: none; -user-select: none;\">schnittplatz@interflugs.de<\/span><\/strong><\/p>\n<p style=\"text-align: right;\"><strong>Freie Klasse:<\/strong><br \/>\nRaum 34c<br \/>\nB\u00fcrozeiten: Montags 13 &#8211; 18 Uhr<br \/>\n<strong><span style=\"-webkit-user-select: none; -ms-user-select: none; -user-select: none;\">freieklasse@interflugs.de<\/span><\/strong><\/p>\n<p>[\/vc_column_text][vc_row_inner][vc_column_inner][vc_empty_space][\/vc_column_inner][\/vc_row_inner][\/vc_column][\/vc_row]<\/p>","protected":false},"excerpt":{"rendered":"<p>[vc_row][vc_column][vc_custom_heading text=&#8220;Kontakt&#8220; font_container=&#8220;tag:h1|text_align:right&#8220; google_fonts=&#8220;font_family:Anonymous%20Pro%3Aregular%2Citalic%2C700%2C700italic|font_style:700%20bold%20regular%3A700%3Anormal&#8220;][vc_column_text] Allgemeines \/B\u00fcro: Room 9e Hardenbergstr. 33 10623 Berlin B\u00fcrozeiten: Montags 12 &#8211; 18 Uhr buero@interflugs.de Projektf\u00f6rderung: Raum 9e B\u00fcrozeiten: Montags 13 &#8211; 18 Uhr projektfoerderung@interflugs.de Ausleihe: Raum 33 030 \/ 3185 2108 \u00d6ffnungszeiten: Montags 15 &#8211; 17:30 Uhr ausleihe@interflugs.de Schnittplatz: Raum 9a &amp; 9c Betreuung: Montags 13 &#8211; 18 Uhr schnittplatz@interflugs.de [&hellip;]<\/p>\n","protected":false},"author":14,"featured_media":0,"parent":0,"menu_order":7,"comment_status":"closed","ping_status":"closed","template":"","meta":{"_acf_changed":false,"site-sidebar-layout":"default","site-content-layout":"default","ast-site-content-layout":"default","site-content-style":"default","site-sidebar-style":"default","ast-global-header-display":"","ast-banner-title-visibility":"","ast-main-header-display":"","ast-hfb-above-header-display":"","ast-hfb-below-header-display":"","ast-hfb-mobile-header-display":"","site-post-title":"disabled","ast-breadcrumbs-content":"","ast-featured-img":"disabled","footer-sml-layout":"","ast-disable-related-posts":"","theme-transparent-header-meta":"default","adv-header-id-meta":"","stick-header-meta":"","header-above-stick-meta":"","header-main-stick-meta":"","header-below-stick-meta":"","astra-migrate-meta-layouts":"set","ast-page-background-enabled":"default","ast-page-background-meta":{"desktop":{"background-color":"var(--ast-global-color-4)","background-image":"","background-repeat":"repeat","background-position":"center center","background-size":"auto","background-attachment":"scroll","background-type":"","background-media":"","overlay-type":"","overlay-color":"","overlay-opacity":"","overlay-gradient":""},"tablet":{"background-color":"","background-image":"","background-repeat":"repeat","background-position":"center center","background-size":"auto","background-attachment":"scroll","background-type":"","background-media":"","overlay-type":"","overlay-color":"","overlay-opacity":"","overlay-gradient":""},"mobile":{"background-color":"","background-image":"","background-repeat":"repeat","background-position":"center center","background-size":"auto","background-attachment":"scroll","background-type":"","background-media":"","overlay-type":"","overlay-color":"","overlay-opacity":"","overlay-gradient":""}},"ast-content-background-meta":{"desktop":{"background-color":"var(--ast-global-color-5)","background-image":"","background-repeat":"repeat","background-position":"center center","background-size":"auto","background-attachment":"scroll","background-type":"","background-media":"","overlay-type":"","overlay-color":"","overlay-opacity":"","overlay-gradient":""},"tablet":{"background-color":"var(--ast-global-color-5)","background-image":"","background-repeat":"repeat","background-position":"center center","background-size":"auto","background-attachment":"scroll","background-type":"","background-media":"","overlay-type":"","overlay-color":"","overlay-opacity":"","overlay-gradient":""},"mobile":{"background-color":"var(--ast-global-color-5)","background-image":"","background-repeat":"repeat","background-position":"center center","background-size":"auto","background-attachment":"scroll","background-type":"","background-media":"","overlay-type":"","overlay-color":"","overlay-opacity":"","overlay-gradient":""}},"footnotes":""},"class_list":["post-20","page","type-page","status-publish","hentry"],"acf":[],"_links":{"self":[{"href":"https:\/\/interflugs.de\/de\/wp-json\/wp\/v2\/pages\/20","targetHints":{"allow":["GET"]}}],"collection":[{"href":"https:\/\/interflugs.de\/de\/wp-json\/wp\/v2\/pages"}],"about":[{"href":"https:\/\/interflugs.de\/de\/wp-json\/wp\/v2\/types\/page"}],"author":[{"embeddable":true,"href":"https:\/\/interflugs.de\/de\/wp-json\/wp\/v2\/users\/14"}],"replies":[{"embeddable":true,"href":"https:\/\/interflugs.de\/de\/wp-json\/wp\/v2\/comments?post=20"}],"version-history":[{"count":26,"href":"https:\/\/interflugs.de\/de\/wp-json\/wp\/v2\/pages\/20\/revisions"}],"predecessor-version":[{"id":4369,"href":"https:\/\/interflugs.de\/de\/wp-json\/wp\/v2\/pages\/20\/revisions\/4369"}],"wp:attachment":[{"href":"https:\/\/interflugs.de\/de\/wp-json\/wp\/v2\/media?parent=20"}],"curies":[{"name":"wp","href":"https:\/\/api.w.org\/{rel}","templated":true}]}}