{"id":129,"date":"2011-04-24T17:52:48","date_gmt":"2011-04-24T17:52:48","guid":{"rendered":"http:\/\/hatsumatsu.de\/interflugs\/?page_id=129"},"modified":"2011-04-24T17:52:48","modified_gmt":"2011-04-24T17:52:48","slug":"projektforderung","status":"publish","type":"page","link":"https:\/\/interflugs.de\/de\/projektforderung\/","title":{"rendered":"Projektf\u00f6rderung"},"content":{"rendered":"<p><\/p>\n<p>Interflugs Initiative zur Projektf\u00f6rderung<\/p>\n<p><strong>Kriterien und Auswahl f\u00fcr die von Interflugs angebotene <\/strong><\/p>\n<p><strong>Im Rahmen der Projektf\u00f6rderung unterst\u00fctzen wir Projekte und Vorhaben, die sich mit kritischen sozialrechtlichen und\/oder emanzipatorischen Themen befassen und gesellschaftspolitische Relevanz haben. Wir rufen zweimal im Jahr zur Bewerbung auf, einmal zum Sommersemester und einmal zum Wintersemester.\u00a0<\/strong><\/p>\n<p><strong>Wir beabsichtigen, Projekte zu unterst\u00fctzen, die interdisziplin\u00e4r sind, Projekte, die erm\u00e4chtigend sind, Projekte, die von Gemeinschaften f\u00fcr Gemeinschaften gemacht werden, Projekte, die offen sind f\u00fcr Studenten und Nicht-Studenten, um Wissen und Erfahrungen zu verbinden und auszutauschen. Menschen ohne akademischen Hintergrund, die nach Wegen f\u00fcr den Zugang zur Kunstuniversit\u00e4t suchen, sowie Menschen, die sozial benachteiligt und von Rassismus und Klassik betroffen sind, werden von uns besonders unterst\u00fctzt.\u00a0<\/strong><\/p>\n<p><em>Wer kann sich bewerben?<\/em><\/p>\n<p>(1) Jeder kann sich bewerben. Gef\u00f6rdert werden insbesondere Projekte, die interdisziplin\u00e4r, fakult\u00e4ts\u00fcbergreifend und\/oder verschiedene Gruppen miteinander verbinden. Wir werden insbesondere auch Projekte unterst\u00fctzen, die den Wissensaustausch oder die Herausforderung von Wissen und Diskursen durch verschiedene Mittel oder Medien f\u00f6rdern, die den \u00fcblichen Horizont des studentischen Lernens an der Universit\u00e4t der K\u00fcnste Berlin erweitern.<\/p>\n<p>(2) Projekte, an denen Studierende der UdK nicht direkt beteiligt sind, k\u00f6nnen nur dann gef\u00f6rdert werden, wenn ein konkreter Nutzen f\u00fcr die Studierenden der UdK besteht. Ausnahmen k\u00f6nnen jedoch f\u00fcr Projekte au\u00dferhalb der UdK gew\u00e4hrt werden, wenn das Projekt von besonderer Bedeutung f\u00fcr die Erbringung gesellschaftlich relevanter, humanit\u00e4rer Arbeit und Menschenrechte ist und an die von Interflugs skizzierten Richtlinien ankn\u00fcpft.<\/p>\n<p><em>Antragsverfahren f\u00fcr Projektfinanzierung<\/em><\/p>\n<p>Die Projektfinanzierungsinitiative unterst\u00fctzt Projekte mit F\u00f6rdergeldern von bis zu 400\u20ac pro Projekt. Das Antragsverfahren findet zweimal j\u00e4hrlich statt. Im Folgenden finden Sie Informationen dar\u00fcber, welche Art von Projekten durch die Initiative unterst\u00fctzt werden k\u00f6nnen und wie Sie sich bewerben k\u00f6nnen. Wenn Sie weitere Fragen haben, z\u00f6gern Sie bitte nicht, sich f\u00fcr weitere Informationen an das B\u00fcro von Interflugs zu wenden.<\/p>\n<p>(3) Wir akzeptieren Finanzierungsvorschl\u00e4ge f\u00fcr jede m\u00f6gliche Art von Projekt, in allen Bereichen der kreativen Produktion und der Wissensproduktion. Wir unterst\u00fctzen Filme, Veranstaltungen, Aktionen, Aktivismus, schreibende Medien, Zeitschriften, Zeitungen, Auff\u00fchrungen, Ausstellungen, Sportveranstaltungen, Musicals, Theater usw.<\/p>\n<p>(4) Interflugs k\u00fcndigt die Projektfinanzierungsinitiative mindestens 6 Wochen vor Ablauf der Antragsfrist an.\u00a0Der Stichtag findet zweimal j\u00e4hrlich statt und wird offen ver\u00f6ffentlicht, so dass jedermann \u00fcber jedes der Interflugs-Kommunikationsnetzwerke darauf zugreifen kann, auch \u00fcber die Website, den Newsletter, die Facebook-Seite und die Instagram-Seite.<\/p>\n<p>(5) Der Antrag erfordert eine kurze Beschreibung des Projekts (1\/2 &#8211; 1 Seite), eine Liste der Projektteilnehmer, ein Budget einschlie\u00dflich spezifischer Ausgaben und anderer Finanzierungsquellen.\u00a0<strong>Es wird kein weiteres zus\u00e4tzliches Material ben\u00f6tigt.\u00a0<\/strong><\/p>\n<p>(6) Das Budget sollte nur die erwarteten Materialkosten enthalten. Wir k\u00f6nnen weder Ausr\u00fcstungsausgaben noch Honorare f\u00fcr K\u00fcnstler oder Teilnehmer des Projekts oder Kosten f\u00fcr Essen und Trinken finanzieren.<\/p>\n<p>(7) Der Antrag sollte per E-Mail an die in der offenen Ausschreibung angegebene E-Mail-Adresse mit dem Betreff gesendet werden: <strong>Projektfinanzierungsantrag_Jahr_Semester<\/strong><\/p>\n<p><em>Auswahlverfahren f\u00fcr die Projektf\u00f6rderung<\/em><\/p>\n<p>(8) Alle Interflugs-Mitglieder beteiligen sich an dem Verfahren zur Auswahl der zu finanzierenden Projekte.\u00a0Jedes Mitglied liest jeden eingereichten Projektantrag durch und pr\u00fcft jedes Projekt gem\u00e4\u00df den Richtlinien der Projektfinanzierungsinitiative.<\/p>\n<p>(9) Die Mitglieder von Interflugs w\u00e4hlen gemeinsam Projektantr\u00e4ge aus, die zu einem Interviewprozess eingeladen werden.<\/p>\n<p>(10) Nach dem Interviewprozess wird die letzte Auswahlrunde von allen Mitgliedern von Interflugs gemeinsam getroffen.<\/p>\n<p>(11) Interflugs informiert jeden Antragsteller, der f\u00fcr einen Finanzierungszuschuss ausgew\u00e4hlt wurde, per E-Mail und erl\u00e4utert dabei das Verfahren zum Erhalt seines Projektzuschusses. Im Falle einer Ablehnung der finanziellen Unterst\u00fctzung wird die Hilfe in Form von anderen Ressourcen und\/oder anderen Dienstleistungen in ihrer Benachrichtigung ber\u00fccksichtigt.<\/p>\n<p>(12) Projekte, die nicht erfolgreich sind, bewertet Interflugs, wie es die Unterst\u00fctzung durch andere Ressourcen, falls sinnvoll, wie z.B. Ausr\u00fcstung, R\u00e4ume oder m\u00f6gliche Workshop-Plattformen, leisten kann.\u00a0Interflugs informiert alle erfolglosen Projekte per E-Mail und l\u00e4dt sie ein, sich in Zukunft erneut zu bewerben.<\/p>\n<p>(13) Interflugs dokumentiert und archiviert jedes Projekt, das eine Projektf\u00f6rderung erhalten hat. Interflugs ist bestrebt, alle Neuigkeiten oder Updates zu Projekten, die \u00fcber unsere Projektf\u00f6rderungsinitiative finanziert wurden, \u00fcber unsere Kommunikationsnetzwerke weiterzugeben.<\/p>\n<p>Wir ver\u00f6ffentlichen die Daten unserer Finanzierung \u00fcber unseren Blog und unsere Mailingliste. Bitte bewerben Sie sich per E-Mail unter :<span class=\"s1\">[email]projektfoerderung@interflugs.de[\/email]<\/span><\/p>","protected":false},"excerpt":{"rendered":"<p>Interflugs Initiative zur Projektf\u00f6rderung Kriterien und Auswahl f\u00fcr die von Interflugs angebotene Im Rahmen der Projektf\u00f6rderung unterst\u00fctzen wir Projekte und Vorhaben, die sich mit kritischen sozialrechtlichen und\/oder emanzipatorischen Themen befassen und gesellschaftspolitische Relevanz haben. Wir rufen zweimal im Jahr zur Bewerbung auf, einmal zum Sommersemester und einmal zum Wintersemester.\u00a0 Wir beabsichtigen, Projekte zu unterst\u00fctzen, die [&hellip;]<\/p>\n","protected":false},"author":14,"featured_media":0,"parent":0,"menu_order":22,"comment_status":"open","ping_status":"closed","template":"","meta":{"_acf_changed":false,"site-sidebar-layout":"default","site-content-layout":"","ast-site-content-layout":"default","site-content-style":"default","site-sidebar-style":"default","ast-global-header-display":"","ast-banner-title-visibility":"","ast-main-header-display":"","ast-hfb-above-header-display":"","ast-hfb-below-header-display":"","ast-hfb-mobile-header-display":"","site-post-title":"","ast-breadcrumbs-content":"","ast-featured-img":"","footer-sml-layout":"","ast-disable-related-posts":"","theme-transparent-header-meta":"","adv-header-id-meta":"","stick-header-meta":"","header-above-stick-meta":"","header-main-stick-meta":"","header-below-stick-meta":"","astra-migrate-meta-layouts":"default","ast-page-background-enabled":"default","ast-page-background-meta":{"desktop":{"background-color":"var(--ast-global-color-4)","background-image":"","background-repeat":"repeat","background-position":"center center","background-size":"auto","background-attachment":"scroll","background-type":"","background-media":"","overlay-type":"","overlay-color":"","overlay-opacity":"","overlay-gradient":""},"tablet":{"background-color":"","background-image":"","background-repeat":"repeat","background-position":"center center","background-size":"auto","background-attachment":"scroll","background-type":"","background-media":"","overlay-type":"","overlay-color":"","overlay-opacity":"","overlay-gradient":""},"mobile":{"background-color":"","background-image":"","background-repeat":"repeat","background-position":"center center","background-size":"auto","background-attachment":"scroll","background-type":"","background-media":"","overlay-type":"","overlay-color":"","overlay-opacity":"","overlay-gradient":""}},"ast-content-background-meta":{"desktop":{"background-color":"var(--ast-global-color-5)","background-image":"","background-repeat":"repeat","background-position":"center center","background-size":"auto","background-attachment":"scroll","background-type":"","background-media":"","overlay-type":"","overlay-color":"","overlay-opacity":"","overlay-gradient":""},"tablet":{"background-color":"var(--ast-global-color-5)","background-image":"","background-repeat":"repeat","background-position":"center center","background-size":"auto","background-attachment":"scroll","background-type":"","background-media":"","overlay-type":"","overlay-color":"","overlay-opacity":"","overlay-gradient":""},"mobile":{"background-color":"var(--ast-global-color-5)","background-image":"","background-repeat":"repeat","background-position":"center center","background-size":"auto","background-attachment":"scroll","background-type":"","background-media":"","overlay-type":"","overlay-color":"","overlay-opacity":"","overlay-gradient":""}},"footnotes":""},"class_list":["post-129","page","type-page","status-publish","hentry"],"acf":[],"_links":{"self":[{"href":"https:\/\/interflugs.de\/de\/wp-json\/wp\/v2\/pages\/129","targetHints":{"allow":["GET"]}}],"collection":[{"href":"https:\/\/interflugs.de\/de\/wp-json\/wp\/v2\/pages"}],"about":[{"href":"https:\/\/interflugs.de\/de\/wp-json\/wp\/v2\/types\/page"}],"author":[{"embeddable":true,"href":"https:\/\/interflugs.de\/de\/wp-json\/wp\/v2\/users\/14"}],"replies":[{"embeddable":true,"href":"https:\/\/interflugs.de\/de\/wp-json\/wp\/v2\/comments?post=129"}],"version-history":[{"count":0,"href":"https:\/\/interflugs.de\/de\/wp-json\/wp\/v2\/pages\/129\/revisions"}],"wp:attachment":[{"href":"https:\/\/interflugs.de\/de\/wp-json\/wp\/v2\/media?parent=129"}],"curies":[{"name":"wp","href":"https:\/\/api.w.org\/{rel}","templated":true}]}}